{"id":513,"date":"2016-05-11T13:48:44","date_gmt":"2016-05-11T16:48:44","guid":{"rendered":"http:\/\/wpoffice\/enfold-fitness\/?page_id=513"},"modified":"2020-02-10T19:48:14","modified_gmt":"2020-02-10T22:48:14","slug":"contato","status":"publish","type":"page","link":"https:\/\/fitstudiomorumbi.com.br\/?page_id=513","title":{"rendered":"Contato"},"content":{"rendered":"<div id='av_section_1'  class='avia-section av-4daua1-5b9ce6534d86f0d9493471e10ec12549 main_color avia-section-large avia-no-border-styling  avia-builder-el-0  el_before_av_section  avia-builder-el-first  avia-bg-style-scroll container_wrap sidebar_right'  ><div class='container av-section-cont-open' ><main  role=\"main\" itemprop=\"mainContentOfPage\"  class='template-page content  av-content-small alpha units'><div class='post-entry post-entry-type-page post-entry-513'><div class='entry-content-wrapper clearfix'>\n\n<style type=\"text\/css\" data-created_by=\"avia_inline_auto\" id=\"style-css-av-av_heading-b9b0d6a97355ab4e26b60696ac812d1e\">\n#top .av-special-heading.av-av_heading-b9b0d6a97355ab4e26b60696ac812d1e{\npadding-bottom:30px;\nfont-size:70px;\n}\nbody .av-special-heading.av-av_heading-b9b0d6a97355ab4e26b60696ac812d1e .av-special-heading-tag .heading-char{\nfont-size:25px;\n}\n#top #wrap_all .av-special-heading.av-av_heading-b9b0d6a97355ab4e26b60696ac812d1e .av-special-heading-tag{\nfont-size:70px;\n}\n.av-special-heading.av-av_heading-b9b0d6a97355ab4e26b60696ac812d1e .av-subheading{\nfont-size:15px;\n}\n\n@media only screen and (min-width: 480px) and (max-width: 767px){ \n#top #wrap_all .av-special-heading.av-av_heading-b9b0d6a97355ab4e26b60696ac812d1e .av-special-heading-tag{\nfont-size:0.8em;\n}\n}\n\n@media only screen and (max-width: 479px){ \n#top #wrap_all .av-special-heading.av-av_heading-b9b0d6a97355ab4e26b60696ac812d1e .av-special-heading-tag{\nfont-size:0.8em;\n}\n}\n<\/style>\n<div  class='av-special-heading av-av_heading-b9b0d6a97355ab4e26b60696ac812d1e av-special-heading-h1 blockquote modern-quote  avia-builder-el-1  el_before_av_one_half  avia-builder-el-first  av-thin-font av-inherit-size'><h1 class='av-special-heading-tag '  itemprop=\"headline\"  >Contato<strong>.<\/strong><\/h1><div class=\"special-heading-border\"><div class=\"special-heading-inner-border\"><\/div><\/div><\/div>\n\n<style type=\"text\/css\" data-created_by=\"avia_inline_auto\" id=\"style-css-av-40p6hl-c0cbe57b1304ccac7feffd13dd81bb79\">\n.flex_column.av-40p6hl-c0cbe57b1304ccac7feffd13dd81bb79{\nborder-radius:0px 0px 0px 0px;\npadding:0px 0px 0px 0px;\n}\n<\/style>\n<div  class='flex_column av-40p6hl-c0cbe57b1304ccac7feffd13dd81bb79 av_one_half  avia-builder-el-2  el_after_av_heading  el_before_av_one_fourth  first flex_column_div av-zero-column-padding  '     ><section  class='av_textblock_section av-dv0wh-5070170b10f3384987431dcc7d61d242 '   itemscope=\"itemscope\" itemtype=\"https:\/\/schema.org\/CreativeWork\" ><div class='avia_textblock'  itemprop=\"text\" ><p>O Fitstudio est\u00e1 fidelizando novos clientes \u00e0 cada semestre e temos alunos que est\u00e3o desde o in\u00edcio do FITSTUDIO. Ao realizar um plano conosco trazendo um amigo (a) ou familiares, ganhar\u00e1 um desconto em sua mensalidade.<\/p>\n<\/div><\/section><\/div>\n<style type=\"text\/css\" data-created_by=\"avia_inline_auto\" id=\"style-css-av-3stp8p-abbcaa6c62ed19473b47fc09807ae63a\">\n.flex_column.av-3stp8p-abbcaa6c62ed19473b47fc09807ae63a{\nborder-radius:0px 0px 0px 0px;\npadding:0px 0px 0px 0px;\n}\n<\/style>\n<div  class='flex_column av-3stp8p-abbcaa6c62ed19473b47fc09807ae63a av_one_fourth  avia-builder-el-4  el_after_av_one_half  el_before_av_one_fourth  flex_column_div av-zero-column-padding  '     ><section  class='av_textblock_section av-3luvx5-a3c3584f9bc241834a7255d7af234d61 '   itemscope=\"itemscope\" itemtype=\"https:\/\/schema.org\/CreativeWork\" ><div class='avia_textblock'  itemprop=\"text\" ><p><strong>Endere\u00e7o:<\/strong><br \/>\nRua Jos\u00e9 Ramon Urtiza,<br \/>\n480, Vila Andrade &#8211; Morumbi<br \/>\nS\u00e3o Paulo, SP<\/p>\n<p>(11) 3746-7671<br \/>\n(11) 98398-33-73 (WhatsApp)<br \/>\n(11) 98729-45-99<br \/>\nfitstudiotreinamentofuncional@yahoo.com.br<\/p>\n<\/div><\/section><\/div>\n<style type=\"text\/css\" data-created_by=\"avia_inline_auto\" id=\"style-css-av-3gxybl-7e812cc8bd3ab7785baef1872ae45346\">\n.flex_column.av-3gxybl-7e812cc8bd3ab7785baef1872ae45346{\nborder-radius:0px 0px 0px 0px;\npadding:0px 0px 0px 0px;\n}\n<\/style>\n<div  class='flex_column av-3gxybl-7e812cc8bd3ab7785baef1872ae45346 av_one_fourth  avia-builder-el-6  el_after_av_one_fourth  avia-builder-el-last  flex_column_div av-zero-column-padding  '     ><section  class='av_textblock_section av-39xquh-f174cadcea5e75ac2821f86c13f236ee '   itemscope=\"itemscope\" itemtype=\"https:\/\/schema.org\/CreativeWork\" ><div class='avia_textblock'  itemprop=\"text\" ><p><strong>Hor\u00e1rio de funcionamento:<\/strong><br \/>\nDe seg. \u00e1 quinta das 7h \u00e0s 21h<br \/>\nSexta das 7h \u00e0s 15h<\/p>\n<\/div><\/section><\/div><\/div><\/div><\/main><!-- close content main element --><\/div><\/div>\n<style type=\"text\/css\" data-created_by=\"avia_inline_auto\" id=\"style-css-av-32f8f5-f7985b58cc13c203d1cc124f2ab4c47b\">\n.avia-section.av-32f8f5-f7985b58cc13c203d1cc124f2ab4c47b{\nbackground-repeat:no-repeat;\nbackground-image:url(https:\/\/fitstudiomorumbi.com.br\/wp-content\/uploads\/2016\/02\/hero-2.jpg);\nbackground-position:50% 50%;\nbackground-attachment:fixed;\n}\n.avia-section.av-32f8f5-f7985b58cc13c203d1cc124f2ab4c47b .av-section-color-overlay{\nopacity:0.8;\nbackground-color:#000000;\n}\n<\/style>\n<div id='av_section_2'  class='avia-section av-32f8f5-f7985b58cc13c203d1cc124f2ab4c47b alternate_color avia-section-huge avia-no-border-styling  avia-builder-el-8  el_after_av_section  avia-builder-el-last  avia-full-stretch avia-bg-style-fixed av-section-color-overlay-active container_wrap sidebar_right'  data-section-bg-repeat='stretch'><div class=\"av-section-color-overlay-wrap\"><div class=\"av-section-color-overlay\"><\/div><div class='container av-section-cont-open' ><div class='template-page content  av-content-small alpha units'><div class='post-entry post-entry-type-page post-entry-513'><div class='entry-content-wrapper clearfix'>\n\n<style type=\"text\/css\" data-created_by=\"avia_inline_auto\" id=\"style-css-av-2vpc35-2b24f572a6bb80417091cd900292fec4\">\n.flex_column.av-2vpc35-2b24f572a6bb80417091cd900292fec4{\nborder-radius:0px 0px 0px 0px;\npadding:0px 0px 0px 0px;\n}\n<\/style>\n<div  class='flex_column av-2vpc35-2b24f572a6bb80417091cd900292fec4 av_three_fifth  avia-builder-el-9  el_before_av_two_fifth  avia-builder-el-first  first flex_column_div av-zero-column-padding  '     ><p>\n<style type=\"text\/css\" data-created_by=\"avia_inline_auto\" id=\"style-css-av-av_heading-5dfa90906da4ab3a7a527bc8b57d3097\">\n#top .av-special-heading.av-av_heading-5dfa90906da4ab3a7a527bc8b57d3097{\npadding-bottom:20px;\nfont-size:50px;\n}\nbody .av-special-heading.av-av_heading-5dfa90906da4ab3a7a527bc8b57d3097 .av-special-heading-tag .heading-char{\nfont-size:25px;\n}\n#top #wrap_all .av-special-heading.av-av_heading-5dfa90906da4ab3a7a527bc8b57d3097 .av-special-heading-tag{\nfont-size:50px;\n}\n.av-special-heading.av-av_heading-5dfa90906da4ab3a7a527bc8b57d3097 .av-subheading{\nfont-size:15px;\n}\n\n@media only screen and (min-width: 480px) and (max-width: 767px){ \n#top #wrap_all .av-special-heading.av-av_heading-5dfa90906da4ab3a7a527bc8b57d3097 .av-special-heading-tag{\nfont-size:0.8em;\n}\n}\n\n@media only screen and (max-width: 479px){ \n#top #wrap_all .av-special-heading.av-av_heading-5dfa90906da4ab3a7a527bc8b57d3097 .av-special-heading-tag{\nfont-size:0.8em;\n}\n}\n<\/style>\n<div  class='av-special-heading av-av_heading-5dfa90906da4ab3a7a527bc8b57d3097 av-special-heading-h1 blockquote modern-quote modern-centered  avia-builder-el-10  el_before_av_contact  avia-builder-el-first  av-thin-font av-inherit-size'><h1 class='av-special-heading-tag '  itemprop=\"headline\"  >Entre em contato<strong>.<\/strong><\/h1><div class=\"special-heading-border\"><div class=\"special-heading-inner-border\"><\/div><\/div><\/div><br \/>\n<form action=\"https:\/\/fitstudiomorumbi.com.br\/?page_id=513\" method=\"post\" data-fields-with-error=\"Found errors in the following field(s):\" class=\"avia_ajax_form av-form-labels-hidden   avia-builder-el-11  el_after_av_heading  avia-builder-el-last  av-custom-form-color av-light-form \" data-avia-form-id=\"1\" data-avia-redirect='' ><fieldset><p class='  first_form  form_element form_element_half' id='element_avia_1_1'><label for=\"avia_1_1\">Nome <abbr class=\"required\" title=\"required\">*<\/abbr><\/label> <input name=\"avia_1_1\" class=\"text_input is_empty\" type=\"text\" id=\"avia_1_1\" value=\"\"  placeholder='Nome*'\/><\/p><p class='  form_element form_element_half' id='element_avia_2_1'><label for=\"avia_2_1\">E-Mail <abbr class=\"required\" title=\"required\">*<\/abbr><\/label> <input name=\"avia_2_1\" class=\"text_input is_email\" type=\"text\" id=\"avia_2_1\" value=\"\"  placeholder='E-Mail*'\/><\/p><p class='  first_form  form_element form_fullwidth' id='element_avia_3_1'><label for=\"avia_3_1\">Seu interesse <abbr class=\"required\" title=\"required\">*<\/abbr><\/label> <input name=\"avia_3_1\" class=\"text_input is_empty\" type=\"text\" id=\"avia_3_1\" value=\"\"  placeholder='Seu interesse*'\/><\/p><p class='  first_form  form_element form_fullwidth av-last-visible-form-element' id='element_avia_4_1'><label for=\"avia_4_1\" class=\"textare_label hidden textare_label_avia_4_1\">Mensagem <abbr class=\"required\" title=\"required\">*<\/abbr><\/label><textarea  placeholder='Mensagem*' name=\"avia_4_1\" class=\"text_area is_empty\" cols=\"40\" rows=\"7\" id=\"avia_4_1\" ><\/textarea><\/p><p class=\"hidden\"><input type=\"text\" name=\"avia_5_1\" class=\"hidden \" id=\"avia_5_1\" value=\"\" \/><\/p><p class=\"form_element \"><input type=\"hidden\" value=\"1\" name=\"avia_generated_form1\" \/><input type=\"submit\" value=\"Enviar mensagem\" class=\"button\"  data-sending-label=\"Sending\"\/><\/p><\/fieldset><\/form><div id=\"ajaxresponse_1\" class=\"ajaxresponse ajaxresponse_1 hidden\"><\/div><\/div>\n<style type=\"text\/css\" data-created_by=\"avia_inline_auto\" id=\"style-css-av-1qezll-fcf05bf79322c6f9182cd6247a8f31f5\">\n.flex_column.av-1qezll-fcf05bf79322c6f9182cd6247a8f31f5{\nborder-radius:0px 0px 0px 0px;\npadding:0px 0px 0px 0px;\n}\n<\/style>\n<div  class='flex_column av-1qezll-fcf05bf79322c6f9182cd6247a8f31f5 av_two_fifth  avia-builder-el-12  el_after_av_three_fifth  avia-builder-el-last  flex_column_div av-zero-column-padding  '     ><p>\n<style type=\"text\/css\" data-created_by=\"avia_inline_auto\" id=\"style-css-av-k6h1h30q-9ece6a4e2fd178ed75cd137ae3fc82f5\">\n#top .av-special-heading.av-k6h1h30q-9ece6a4e2fd178ed75cd137ae3fc82f5{\npadding-bottom:20px;\nfont-size:50px;\n}\nbody .av-special-heading.av-k6h1h30q-9ece6a4e2fd178ed75cd137ae3fc82f5 .av-special-heading-tag .heading-char{\nfont-size:25px;\n}\n#top #wrap_all .av-special-heading.av-k6h1h30q-9ece6a4e2fd178ed75cd137ae3fc82f5 .av-special-heading-tag{\nfont-size:50px;\n}\n.av-special-heading.av-k6h1h30q-9ece6a4e2fd178ed75cd137ae3fc82f5 .av-subheading{\nfont-size:15px;\n}\n\n@media only screen and (min-width: 480px) and (max-width: 767px){ \n#top #wrap_all .av-special-heading.av-k6h1h30q-9ece6a4e2fd178ed75cd137ae3fc82f5 .av-special-heading-tag{\nfont-size:0.8em;\n}\n}\n\n@media only screen and (max-width: 479px){ \n#top #wrap_all .av-special-heading.av-k6h1h30q-9ece6a4e2fd178ed75cd137ae3fc82f5 .av-special-heading-tag{\nfont-size:0.8em;\n}\n}\n<\/style>\n<div  class='av-special-heading av-k6h1h30q-9ece6a4e2fd178ed75cd137ae3fc82f5 av-special-heading-h1 blockquote modern-quote modern-centered  avia-builder-el-13  el_before_av_textblock  avia-builder-el-first  av-thin-font av-inherit-size'><h1 class='av-special-heading-tag '  itemprop=\"headline\"  >Aproveitem<strong>&#8230;<\/strong><\/h1><div class=\"special-heading-border\"><div class=\"special-heading-inner-border\"><\/div><\/div><\/div><br \/>\n\n<style type=\"text\/css\" data-created_by=\"avia_inline_auto\" id=\"style-css-av-1ea9dl-7ba9428ee6b6753fb390568b61e5faa9\">\n#top .av_textblock_section.av-1ea9dl-7ba9428ee6b6753fb390568b61e5faa9 .avia_textblock{\ncolor:#ffffff;\n}\n<\/style>\n<section  class='av_textblock_section av-1ea9dl-7ba9428ee6b6753fb390568b61e5faa9 '   itemscope=\"itemscope\" itemtype=\"https:\/\/schema.org\/CreativeWork\" ><div class='avia_textblock av_inherit_color'  itemprop=\"text\" ><p>O FITSTUDIO est\u00e1 fidelizando novos clientes \u00e0 cada semestre e temos alunos que est\u00e3o desde o in\u00edcio do FITSTUDIO. Ao realizar um plano conosco trazendo um amigo (a) ou familiares, ganhar\u00e1 um desconto em sua mensalidade.<\/p>\n<\/div><\/section><\/div><\/div><\/div><\/div><!-- close content main div --><\/div><\/div><\/div><div id='after_section_2'  class='main_color av_default_container_wrap container_wrap sidebar_right'  ><div class='container av-section-cont-open' ><div class='template-page content  av-content-small alpha units'><div class='post-entry post-entry-type-page post-entry-513'><div class='entry-content-wrapper clearfix'><\/p>\n","protected":false},"excerpt":{"rendered":"Contato. O Fitstudio est\u00e1 fidelizando novos clientes \u00e0 cada semestre e temos alunos que est\u00e3o desde o in\u00edcio do FITSTUDIO. Ao realizar um plano conosco trazendo um amigo (a) ou familiares, ganhar\u00e1 um desconto em sua mensalidade. Endere\u00e7o: Rua Jos\u00e9 Ramon Urtiza, 480, Vila Andrade - Morumbi S\u00e3o Paulo, SP (11) 3746-7671 (11) 98398-33-73 (WhatsApp) [...]","protected":false},"author":1,"featured_media":0,"parent":0,"menu_order":0,"comment_status":"closed","ping_status":"closed","template":"","meta":{"footnotes":""},"yst_prominent_words":[208,223,212,209,90,197,213,220,210,221,218,211,198,217,214,71,219,215,222,216],"class_list":["post-513","page","type-page","status-publish","hentry"],"_hostinger_reach_plugin_has_subscription_block":false,"_hostinger_reach_plugin_is_elementor":false,"_links":{"self":[{"href":"https:\/\/fitstudiomorumbi.com.br\/index.php?rest_route=\/wp\/v2\/pages\/513","targetHints":{"allow":["GET"]}}],"collection":[{"href":"https:\/\/fitstudiomorumbi.com.br\/index.php?rest_route=\/wp\/v2\/pages"}],"about":[{"href":"https:\/\/fitstudiomorumbi.com.br\/index.php?rest_route=\/wp\/v2\/types\/page"}],"author":[{"embeddable":true,"href":"https:\/\/fitstudiomorumbi.com.br\/index.php?rest_route=\/wp\/v2\/users\/1"}],"replies":[{"embeddable":true,"href":"https:\/\/fitstudiomorumbi.com.br\/index.php?rest_route=%2Fwp%2Fv2%2Fcomments&post=513"}],"version-history":[{"count":8,"href":"https:\/\/fitstudiomorumbi.com.br\/index.php?rest_route=\/wp\/v2\/pages\/513\/revisions"}],"predecessor-version":[{"id":962,"href":"https:\/\/fitstudiomorumbi.com.br\/index.php?rest_route=\/wp\/v2\/pages\/513\/revisions\/962"}],"wp:attachment":[{"href":"https:\/\/fitstudiomorumbi.com.br\/index.php?rest_route=%2Fwp%2Fv2%2Fmedia&parent=513"}],"wp:term":[{"taxonomy":"yst_prominent_words","embeddable":true,"href":"https:\/\/fitstudiomorumbi.com.br\/index.php?rest_route=%2Fwp%2Fv2%2Fyst_prominent_words&post=513"}],"curies":[{"name":"wp","href":"https:\/\/api.w.org\/{rel}","templated":true}]}}